{"id":236,"date":"2026-04-16T15:21:23","date_gmt":"2026-04-16T15:21:23","guid":{"rendered":"https:\/\/elenagarciaprocuradora.com\/?page_id=236"},"modified":"2026-04-17T07:05:59","modified_gmt":"2026-04-17T07:05:59","slug":"procuradora-en-girona","status":"publish","type":"page","link":"https:\/\/elenagarciaprocuradora.com\/index.php\/procuradora-en-girona\/","title":{"rendered":"Procuradora en Girona"},"content":{"rendered":"\n<div class=\"wp-block-group alignwide servicio izquierda is-layout-grid wp-container-core-group-is-layout-5fdb10e5 wp-block-group-is-layout-grid\" style=\"padding-top:var(--wp--preset--spacing--50);padding-bottom:var(--wp--preset--spacing--50)\">\n<div class=\"wp-block-group is-vertical is-content-justification-stretch is-nowrap is-layout-flex wp-container-core-group-is-layout-627337ab wp-block-group-is-layout-flex\">\n<div class=\"wp-block-group is-vertical is-content-justification-left is-layout-flex wp-container-core-group-is-layout-dd225191 wp-block-group-is-layout-flex\">\n<h2 class=\"wp-block-heading is-style-text-annotation has-medium-font-size is-style-text-annotation--1\"><strong>Girona<\/strong><\/h2>\n\n\n\n<p class=\"is-style-text-subtitle has-small-font-size is-style-text-subtitle--2\">Desarrollo mi actividad como procuradora de los tribunales en Girona, ofreciendo un servicio cercano, \u00e1gil y adaptado a las particularidades de los \u00f3rganos judiciales de la provincia. Mi experiencia en este \u00e1mbito me permite gestionar cada procedimiento con un conocimiento pr\u00e1ctico del funcionamiento interno de los juzgados, facilitando una tramitaci\u00f3n m\u00e1s eficiente y ordenada.<\/p>\n\n\n\n<p class=\"has-small-font-size\">Me encargo del control exhaustivo de plazos, la gesti\u00f3n de notificaciones y la presentaci\u00f3n de escritos, asegurando que cada actuaci\u00f3n procesal se realice con rigor y dentro de los tiempos establecidos. Adem\u00e1s, mantengo una comunicaci\u00f3n constante tanto con letrados como con clientes, proporcionando informaci\u00f3n actualizada en cada fase del procedimiento.<\/p>\n\n\n\n<p class=\"is-style-text-subtitle has-small-font-size is-style-text-subtitle--3\">Mi objetivo es garantizar un servicio de procuradur\u00eda fiable y eficaz en Girona, aportando tranquilidad y seguridad jur\u00eddica mediante una gesti\u00f3n profesional, organizada y orientada a resultados.<\/p>\n\n\n\n<div class=\"wp-block-buttons is-layout-flex wp-block-buttons-is-layout-flex\">\n<div class=\"wp-block-button\"><a class=\"wp-block-button__link wp-element-button\" href=\"https:\/\/elenagarciaprocuradora.com\/index.php\/contacto\/\">Contactar<\/a><\/div>\n<\/div>\n<\/div>\n<\/div>\n\n\n\n<figure class=\"wp-block-image size-full has-custom-border is-style-default wp-container-content-5fd69529\" style=\"margin-top:0;margin-bottom:0\"><img loading=\"lazy\" decoding=\"async\" width=\"1536\" height=\"1024\" src=\"https:\/\/elenagarciaprocuradora.com\/wp-content\/uploads\/2026\/04\/ChatGPT-Image-16-abr-2026-17_30_44.jpg\" alt=\"\" class=\"wp-image-250\" style=\"border-top-left-radius:21px;border-top-right-radius:21px;border-bottom-left-radius:21px;border-bottom-right-radius:21px;object-fit:cover\" srcset=\"https:\/\/elenagarciaprocuradora.com\/wp-content\/uploads\/2026\/04\/ChatGPT-Image-16-abr-2026-17_30_44.jpg 1536w, https:\/\/elenagarciaprocuradora.com\/wp-content\/uploads\/2026\/04\/ChatGPT-Image-16-abr-2026-17_30_44-300x200.jpg 300w, https:\/\/elenagarciaprocuradora.com\/wp-content\/uploads\/2026\/04\/ChatGPT-Image-16-abr-2026-17_30_44-1024x683.jpg 1024w, https:\/\/elenagarciaprocuradora.com\/wp-content\/uploads\/2026\/04\/ChatGPT-Image-16-abr-2026-17_30_44-768x512.jpg 768w\" sizes=\"auto, (max-width: 1536px) 100vw, 1536px\" \/><\/figure>\n<\/div>\n","protected":false},"excerpt":{"rendered":"<p>Girona Desarrollo mi actividad como procuradora de los tribunales en Girona, ofreciendo un servicio cercano, \u00e1gil y adaptado a las particularidades de los \u00f3rganos judiciales de la provincia. Mi experiencia en este \u00e1mbito me permite gestionar cada procedimiento con un conocimiento pr\u00e1ctico del funcionamiento interno de los juzgados, facilitando una tramitaci\u00f3n m\u00e1s eficiente y ordenada. [&hellip;]<\/p>\n","protected":false},"author":1,"featured_media":0,"parent":0,"menu_order":0,"comment_status":"closed","ping_status":"closed","template":"page-no-title","meta":{"footnotes":""},"class_list":["post-236","page","type-page","status-publish","hentry"],"yoast_head":"<!-- This site is optimized with the Yoast SEO plugin v27.3 - https:\/\/yoast.com\/product\/yoast-seo-wordpress\/ -->\n<title>procuradora en girona<\/title>\n<meta name=\"description\" content=\"Procuradora en Girona con gesti\u00f3n \u00e1gil de procedimientos judiciales, control riguroso de plazos y notificaciones, y atenci\u00f3n profesional.\" \/>\n<meta name=\"robots\" content=\"index, follow, max-snippet:-1, max-image-preview:large, max-video-preview:-1\" \/>\n<link rel=\"canonical\" href=\"https:\/\/elenagarciaprocuradora.com\/index.php\/procuradora-en-girona\/\" \/>\n<meta property=\"og:locale\" content=\"es_ES\" \/>\n<meta property=\"og:type\" content=\"article\" \/>\n<meta property=\"og:title\" content=\"procuradora en girona\" \/>\n<meta property=\"og:description\" content=\"Procuradora en Girona con gesti\u00f3n \u00e1gil de procedimientos judiciales, control riguroso de plazos y notificaciones, y atenci\u00f3n profesional.\" \/>\n<meta property=\"og:url\" content=\"https:\/\/elenagarciaprocuradora.com\/index.php\/procuradora-en-girona\/\" \/>\n<meta property=\"og:site_name\" content=\"Elena Garcia Alonso\" \/>\n<meta property=\"article:modified_time\" content=\"2026-04-17T07:05:59+00:00\" \/>\n<meta property=\"og:image\" content=\"https:\/\/elenagarciaprocuradora.com\/wp-content\/uploads\/2026\/04\/ChatGPT-Image-16-abr-2026-17_30_44.jpg\" \/>\n\t<meta property=\"og:image:width\" content=\"1536\" \/>\n\t<meta property=\"og:image:height\" content=\"1024\" \/>\n\t<meta property=\"og:image:type\" content=\"image\/jpeg\" \/>\n<meta name=\"twitter:card\" content=\"summary_large_image\" \/>\n<meta name=\"twitter:label1\" content=\"Tiempo de lectura\" \/>\n\t<meta name=\"twitter:data1\" content=\"1 minuto\" \/>\n<script type=\"application\/ld+json\" class=\"yoast-schema-graph\">{\"@context\":\"https:\\\/\\\/schema.org\",\"@graph\":[{\"@type\":\"WebPage\",\"@id\":\"https:\\\/\\\/elenagarciaprocuradora.com\\\/index.php\\\/procuradora-en-girona\\\/\",\"url\":\"https:\\\/\\\/elenagarciaprocuradora.com\\\/index.php\\\/procuradora-en-girona\\\/\",\"name\":\"procuradora en girona\",\"isPartOf\":{\"@id\":\"https:\\\/\\\/elenagarciaprocuradora.com\\\/#website\"},\"primaryImageOfPage\":{\"@id\":\"https:\\\/\\\/elenagarciaprocuradora.com\\\/index.php\\\/procuradora-en-girona\\\/#primaryimage\"},\"image\":{\"@id\":\"https:\\\/\\\/elenagarciaprocuradora.com\\\/index.php\\\/procuradora-en-girona\\\/#primaryimage\"},\"thumbnailUrl\":\"https:\\\/\\\/elenagarciaprocuradora.com\\\/wp-content\\\/uploads\\\/2026\\\/04\\\/ChatGPT-Image-16-abr-2026-17_30_44.jpg\",\"datePublished\":\"2026-04-16T15:21:23+00:00\",\"dateModified\":\"2026-04-17T07:05:59+00:00\",\"description\":\"Procuradora en Girona con gesti\u00f3n \u00e1gil de procedimientos judiciales, control riguroso de plazos y notificaciones, y atenci\u00f3n profesional.\",\"breadcrumb\":{\"@id\":\"https:\\\/\\\/elenagarciaprocuradora.com\\\/index.php\\\/procuradora-en-girona\\\/#breadcrumb\"},\"inLanguage\":\"es\",\"potentialAction\":[{\"@type\":\"ReadAction\",\"target\":[\"https:\\\/\\\/elenagarciaprocuradora.com\\\/index.php\\\/procuradora-en-girona\\\/\"]}]},{\"@type\":\"ImageObject\",\"inLanguage\":\"es\",\"@id\":\"https:\\\/\\\/elenagarciaprocuradora.com\\\/index.php\\\/procuradora-en-girona\\\/#primaryimage\",\"url\":\"https:\\\/\\\/elenagarciaprocuradora.com\\\/wp-content\\\/uploads\\\/2026\\\/04\\\/ChatGPT-Image-16-abr-2026-17_30_44.jpg\",\"contentUrl\":\"https:\\\/\\\/elenagarciaprocuradora.com\\\/wp-content\\\/uploads\\\/2026\\\/04\\\/ChatGPT-Image-16-abr-2026-17_30_44.jpg\",\"width\":1536,\"height\":1024},{\"@type\":\"BreadcrumbList\",\"@id\":\"https:\\\/\\\/elenagarciaprocuradora.com\\\/index.php\\\/procuradora-en-girona\\\/#breadcrumb\",\"itemListElement\":[{\"@type\":\"ListItem\",\"position\":1,\"name\":\"Portada\",\"item\":\"https:\\\/\\\/elenagarciaprocuradora.com\\\/\"},{\"@type\":\"ListItem\",\"position\":2,\"name\":\"Procuradora en Girona\"}]},{\"@type\":\"WebSite\",\"@id\":\"https:\\\/\\\/elenagarciaprocuradora.com\\\/#website\",\"url\":\"https:\\\/\\\/elenagarciaprocuradora.com\\\/\",\"name\":\"Elena Garcia Alonso\",\"description\":\"Procuradora dels tribunals\",\"publisher\":{\"@id\":\"https:\\\/\\\/elenagarciaprocuradora.com\\\/#organization\"},\"potentialAction\":[{\"@type\":\"SearchAction\",\"target\":{\"@type\":\"EntryPoint\",\"urlTemplate\":\"https:\\\/\\\/elenagarciaprocuradora.com\\\/?s={search_term_string}\"},\"query-input\":{\"@type\":\"PropertyValueSpecification\",\"valueRequired\":true,\"valueName\":\"search_term_string\"}}],\"inLanguage\":\"es\"},{\"@type\":\"Organization\",\"@id\":\"https:\\\/\\\/elenagarciaprocuradora.com\\\/#organization\",\"name\":\"Elena Garcia Alonso\",\"url\":\"https:\\\/\\\/elenagarciaprocuradora.com\\\/\",\"logo\":{\"@type\":\"ImageObject\",\"inLanguage\":\"es\",\"@id\":\"https:\\\/\\\/elenagarciaprocuradora.com\\\/#\\\/schema\\\/logo\\\/image\\\/\",\"url\":\"https:\\\/\\\/elenagarciaprocuradora.com\\\/wp-content\\\/uploads\\\/2026\\\/04\\\/74e45ecd-b0f2-49bd-bbb1-cf7cbc90d0b4.png\",\"contentUrl\":\"https:\\\/\\\/elenagarciaprocuradora.com\\\/wp-content\\\/uploads\\\/2026\\\/04\\\/74e45ecd-b0f2-49bd-bbb1-cf7cbc90d0b4.png\",\"width\":500,\"height\":500,\"caption\":\"Elena Garcia Alonso\"},\"image\":{\"@id\":\"https:\\\/\\\/elenagarciaprocuradora.com\\\/#\\\/schema\\\/logo\\\/image\\\/\"}}]}<\/script>\n<!-- \/ Yoast SEO plugin. -->","yoast_head_json":{"title":"procuradora en girona","description":"Procuradora en Girona con gesti\u00f3n \u00e1gil de procedimientos judiciales, control riguroso de plazos y notificaciones, y atenci\u00f3n profesional.","robots":{"index":"index","follow":"follow","max-snippet":"max-snippet:-1","max-image-preview":"max-image-preview:large","max-video-preview":"max-video-preview:-1"},"canonical":"https:\/\/elenagarciaprocuradora.com\/index.php\/procuradora-en-girona\/","og_locale":"es_ES","og_type":"article","og_title":"procuradora en girona","og_description":"Procuradora en Girona con gesti\u00f3n \u00e1gil de procedimientos judiciales, control riguroso de plazos y notificaciones, y atenci\u00f3n profesional.","og_url":"https:\/\/elenagarciaprocuradora.com\/index.php\/procuradora-en-girona\/","og_site_name":"Elena Garcia Alonso","article_modified_time":"2026-04-17T07:05:59+00:00","og_image":[{"width":1536,"height":1024,"url":"https:\/\/elenagarciaprocuradora.com\/wp-content\/uploads\/2026\/04\/ChatGPT-Image-16-abr-2026-17_30_44.jpg","type":"image\/jpeg"}],"twitter_card":"summary_large_image","twitter_misc":{"Tiempo de lectura":"1 minuto"},"schema":{"@context":"https:\/\/schema.org","@graph":[{"@type":"WebPage","@id":"https:\/\/elenagarciaprocuradora.com\/index.php\/procuradora-en-girona\/","url":"https:\/\/elenagarciaprocuradora.com\/index.php\/procuradora-en-girona\/","name":"procuradora en girona","isPartOf":{"@id":"https:\/\/elenagarciaprocuradora.com\/#website"},"primaryImageOfPage":{"@id":"https:\/\/elenagarciaprocuradora.com\/index.php\/procuradora-en-girona\/#primaryimage"},"image":{"@id":"https:\/\/elenagarciaprocuradora.com\/index.php\/procuradora-en-girona\/#primaryimage"},"thumbnailUrl":"https:\/\/elenagarciaprocuradora.com\/wp-content\/uploads\/2026\/04\/ChatGPT-Image-16-abr-2026-17_30_44.jpg","datePublished":"2026-04-16T15:21:23+00:00","dateModified":"2026-04-17T07:05:59+00:00","description":"Procuradora en Girona con gesti\u00f3n \u00e1gil de procedimientos judiciales, control riguroso de plazos y notificaciones, y atenci\u00f3n profesional.","breadcrumb":{"@id":"https:\/\/elenagarciaprocuradora.com\/index.php\/procuradora-en-girona\/#breadcrumb"},"inLanguage":"es","potentialAction":[{"@type":"ReadAction","target":["https:\/\/elenagarciaprocuradora.com\/index.php\/procuradora-en-girona\/"]}]},{"@type":"ImageObject","inLanguage":"es","@id":"https:\/\/elenagarciaprocuradora.com\/index.php\/procuradora-en-girona\/#primaryimage","url":"https:\/\/elenagarciaprocuradora.com\/wp-content\/uploads\/2026\/04\/ChatGPT-Image-16-abr-2026-17_30_44.jpg","contentUrl":"https:\/\/elenagarciaprocuradora.com\/wp-content\/uploads\/2026\/04\/ChatGPT-Image-16-abr-2026-17_30_44.jpg","width":1536,"height":1024},{"@type":"BreadcrumbList","@id":"https:\/\/elenagarciaprocuradora.com\/index.php\/procuradora-en-girona\/#breadcrumb","itemListElement":[{"@type":"ListItem","position":1,"name":"Portada","item":"https:\/\/elenagarciaprocuradora.com\/"},{"@type":"ListItem","position":2,"name":"Procuradora en Girona"}]},{"@type":"WebSite","@id":"https:\/\/elenagarciaprocuradora.com\/#website","url":"https:\/\/elenagarciaprocuradora.com\/","name":"Elena Garcia Alonso","description":"Procuradora dels tribunals","publisher":{"@id":"https:\/\/elenagarciaprocuradora.com\/#organization"},"potentialAction":[{"@type":"SearchAction","target":{"@type":"EntryPoint","urlTemplate":"https:\/\/elenagarciaprocuradora.com\/?s={search_term_string}"},"query-input":{"@type":"PropertyValueSpecification","valueRequired":true,"valueName":"search_term_string"}}],"inLanguage":"es"},{"@type":"Organization","@id":"https:\/\/elenagarciaprocuradora.com\/#organization","name":"Elena Garcia Alonso","url":"https:\/\/elenagarciaprocuradora.com\/","logo":{"@type":"ImageObject","inLanguage":"es","@id":"https:\/\/elenagarciaprocuradora.com\/#\/schema\/logo\/image\/","url":"https:\/\/elenagarciaprocuradora.com\/wp-content\/uploads\/2026\/04\/74e45ecd-b0f2-49bd-bbb1-cf7cbc90d0b4.png","contentUrl":"https:\/\/elenagarciaprocuradora.com\/wp-content\/uploads\/2026\/04\/74e45ecd-b0f2-49bd-bbb1-cf7cbc90d0b4.png","width":500,"height":500,"caption":"Elena Garcia Alonso"},"image":{"@id":"https:\/\/elenagarciaprocuradora.com\/#\/schema\/logo\/image\/"}}]}},"_links":{"self":[{"href":"https:\/\/elenagarciaprocuradora.com\/index.php\/wp-json\/wp\/v2\/pages\/236","targetHints":{"allow":["GET"]}}],"collection":[{"href":"https:\/\/elenagarciaprocuradora.com\/index.php\/wp-json\/wp\/v2\/pages"}],"about":[{"href":"https:\/\/elenagarciaprocuradora.com\/index.php\/wp-json\/wp\/v2\/types\/page"}],"author":[{"embeddable":true,"href":"https:\/\/elenagarciaprocuradora.com\/index.php\/wp-json\/wp\/v2\/users\/1"}],"replies":[{"embeddable":true,"href":"https:\/\/elenagarciaprocuradora.com\/index.php\/wp-json\/wp\/v2\/comments?post=236"}],"version-history":[{"count":7,"href":"https:\/\/elenagarciaprocuradora.com\/index.php\/wp-json\/wp\/v2\/pages\/236\/revisions"}],"predecessor-version":[{"id":305,"href":"https:\/\/elenagarciaprocuradora.com\/index.php\/wp-json\/wp\/v2\/pages\/236\/revisions\/305"}],"wp:attachment":[{"href":"https:\/\/elenagarciaprocuradora.com\/index.php\/wp-json\/wp\/v2\/media?parent=236"}],"curies":[{"name":"wp","href":"https:\/\/api.w.org\/{rel}","templated":true}]}}