{"id":262,"date":"2026-04-16T15:43:58","date_gmt":"2026-04-16T15:43:58","guid":{"rendered":"https:\/\/elenagarciaprocuradora.com\/?page_id=262"},"modified":"2026-04-17T07:35:26","modified_gmt":"2026-04-17T07:35:26","slug":"politica-de-cookies","status":"publish","type":"page","link":"https:\/\/elenagarciaprocuradora.com\/index.php\/politica-de-cookies\/","title":{"rendered":"POL\u00cdTICA DE COOKIES"},"content":{"rendered":"\n<div class=\"wp-block-group alignfull is-layout-grid wp-container-core-group-is-layout-478b6e6b wp-block-group-is-layout-grid\"><\/div>\n\n\n\n<div class=\"wp-block-group alignfull is-layout-grid wp-container-core-group-is-layout-478b6e6b wp-block-group-is-layout-grid\"><\/div>\n\n\n\n<figure class=\"wp-block-image size-large has-custom-border\"><img loading=\"lazy\" decoding=\"async\" width=\"1024\" height=\"683\" src=\"https:\/\/elenagarciaprocuradora.com\/wp-content\/uploads\/2026\/04\/ChatGPT-Image-17-abr-2026-09_33_58-1024x683.png\" alt=\"\" class=\"wp-image-315\" style=\"border-top-left-radius:21px;border-top-right-radius:21px;border-bottom-left-radius:21px;border-bottom-right-radius:21px\" srcset=\"https:\/\/elenagarciaprocuradora.com\/wp-content\/uploads\/2026\/04\/ChatGPT-Image-17-abr-2026-09_33_58-1024x683.png 1024w, https:\/\/elenagarciaprocuradora.com\/wp-content\/uploads\/2026\/04\/ChatGPT-Image-17-abr-2026-09_33_58-300x200.png 300w, https:\/\/elenagarciaprocuradora.com\/wp-content\/uploads\/2026\/04\/ChatGPT-Image-17-abr-2026-09_33_58-768x512.png 768w, https:\/\/elenagarciaprocuradora.com\/wp-content\/uploads\/2026\/04\/ChatGPT-Image-17-abr-2026-09_33_58.png 1536w\" sizes=\"auto, (max-width: 1024px) 100vw, 1024px\" \/><\/figure>\n\n\n\n<h2 class=\"wp-block-heading has-medium-font-size\">1. \u00bfQu\u00e9 son las cookies?<\/h2>\n\n\n\n<p class=\"has-small-font-size\">Las cookies son peque\u00f1os archivos de texto que se almacenan en el dispositivo del usuario al visitar una p\u00e1gina web. Su finalidad es reconocer al usuario, recordar sus preferencias y mejorar su experiencia de navegaci\u00f3n.<\/p>\n\n\n\n<hr class=\"wp-block-separator has-alpha-channel-opacity\"\/>\n\n\n\n<h2 class=\"wp-block-heading has-medium-font-size\">2. Tipos de cookies utilizadas<\/h2>\n\n\n\n<p class=\"has-small-font-size\">Este sitio web puede utilizar las siguientes categor\u00edas de cookies:<\/p>\n\n\n\n<h3 class=\"wp-block-heading has-medium-font-size\">\ud83d\udd39 Cookies t\u00e9cnicas<\/h3>\n\n\n\n<p class=\"has-small-font-size\">Son necesarias para el correcto funcionamiento del sitio web y permiten la navegaci\u00f3n y el uso de sus funcionalidades b\u00e1sicas.<\/p>\n\n\n\n<h3 class=\"wp-block-heading has-medium-font-size\">\ud83d\udd39 Cookies de personalizaci\u00f3n<\/h3>\n\n\n\n<p class=\"has-small-font-size\">Permiten recordar informaci\u00f3n para que el usuario acceda al servicio con determinadas caracter\u00edsticas, como el idioma o el tipo de navegador.<\/p>\n\n\n\n<h3 class=\"wp-block-heading has-medium-font-size\">\ud83d\udd39 Cookies de an\u00e1lisis<\/h3>\n\n\n\n<p class=\"has-small-font-size\">Permiten el seguimiento y an\u00e1lisis del comportamiento de los usuarios en el sitio web, con el fin de mejorar los servicios ofrecidos.<\/p>\n\n\n\n<h3 class=\"wp-block-heading has-medium-font-size\">\ud83d\udd39 Cookies de terceros<\/h3>\n\n\n\n<p class=\"has-small-font-size\">El sitio web puede utilizar servicios de terceros que recopilan informaci\u00f3n con fines estad\u00edsticos o de uso del sitio web.<\/p>\n\n\n\n<hr class=\"wp-block-separator has-alpha-channel-opacity\"\/>\n\n\n\n<h2 class=\"wp-block-heading has-medium-font-size\">3. Gesti\u00f3n de cookies<\/h2>\n\n\n\n<p class=\"has-small-font-size\">El usuario puede permitir, bloquear o eliminar las cookies instaladas en su dispositivo mediante la configuraci\u00f3n de su navegador.<\/p>\n\n\n\n<p class=\"has-small-font-size\">A continuaci\u00f3n, se facilitan enlaces a la gesti\u00f3n de cookies en los navegadores m\u00e1s comunes:<\/p>\n\n\n\n<ul class=\"wp-block-list has-small-font-size\">\n<li>Google Chrome: <a href=\"https:\/\/support.google.com\/chrome\/answer\/95647\">https:\/\/support.google.com\/chrome\/answer\/95647<\/a><\/li>\n\n\n\n<li>Mozilla Firefox: <a>https:\/\/support.mozilla.org\/es\/kb\/habilitar-y-deshabilitar-cookies<\/a><\/li>\n\n\n\n<li>Safari: <a href=\"https:\/\/support.apple.com\/es-es\/guide\/safari\/sfri11471\/mac\">https:\/\/support.apple.com\/es-es\/guide\/safari\/sfri11471\/mac<\/a><\/li>\n\n\n\n<li>Microsoft Edge: <a>https:\/\/support.microsoft.com\/es-es\/help\/4027947<\/a><\/li>\n<\/ul>\n\n\n\n<hr class=\"wp-block-separator has-alpha-channel-opacity\"\/>\n\n\n\n<h2 class=\"wp-block-heading has-medium-font-size\">4. Consentimiento<\/h2>\n\n\n\n<p class=\"has-small-font-size\">Al acceder a este sitio web, el usuario acepta el uso de cookies conforme a la presente pol\u00edtica.<br>En cualquier momento, podr\u00e1 retirar su consentimiento modificando la configuraci\u00f3n de su navegador.<\/p>\n\n\n\n<hr class=\"wp-block-separator has-alpha-channel-opacity\"\/>\n\n\n\n<h2 class=\"wp-block-heading has-medium-font-size\">5. Modificaciones<\/h2>\n\n\n\n<p class=\"has-small-font-size\">La titular se reserva el derecho a modificar la presente Pol\u00edtica de Cookies para adaptarla a novedades legislativas o t\u00e9cnicas. Se recomienda revisar esta p\u00e1gina peri\u00f3dicamente.<\/p>\n\n\n\n<hr class=\"wp-block-separator has-alpha-channel-opacity\"\/>\n\n\n\n<h2 class=\"wp-block-heading has-medium-font-size\">6. Contacto<\/h2>\n\n\n\n<p class=\"has-small-font-size\">Para cualquier duda relacionada con esta Pol\u00edtica de Cookies, puedes contactar a trav\u00e9s de:<\/p>\n\n\n\n<p class=\"has-small-font-size\">\ud83d\udce7 <a>info@elenagarciaprocuradora.com<\/a><br>\ud83d\udcde +34 689 89 32 89<\/p>\n\n\n\n<div class=\"wp-block-group alignfull is-layout-grid wp-container-core-group-is-layout-478b6e6b wp-block-group-is-layout-grid\"><\/div>\n\n\n\n<div class=\"wp-block-group alignfull is-layout-grid wp-container-core-group-is-layout-478b6e6b wp-block-group-is-layout-grid\"><\/div>\n","protected":false},"excerpt":{"rendered":"<p>1. \u00bfQu\u00e9 son las cookies? Las cookies son peque\u00f1os archivos de texto que se almacenan en el dispositivo del usuario al visitar una p\u00e1gina web. Su finalidad es reconocer al usuario, recordar sus preferencias y mejorar su experiencia de navegaci\u00f3n. 2. Tipos de cookies utilizadas Este sitio web puede utilizar las siguientes categor\u00edas de cookies: [&hellip;]<\/p>\n","protected":false},"author":1,"featured_media":0,"parent":0,"menu_order":0,"comment_status":"closed","ping_status":"closed","template":"","meta":{"footnotes":""},"class_list":["post-262","page","type-page","status-publish","hentry"],"yoast_head":"<!-- This site is optimized with the Yoast SEO plugin v27.3 - https:\/\/yoast.com\/product\/yoast-seo-wordpress\/ -->\n<title>pol\u00edtica de cookies<\/title>\n<meta name=\"description\" content=\"Informaci\u00f3n sobre el uso de cookies, tipos, finalidad y c\u00f3mo gestionarlas en este sitio web conforme a la normativa vigente.\" \/>\n<meta name=\"robots\" content=\"index, follow, max-snippet:-1, max-image-preview:large, max-video-preview:-1\" \/>\n<link rel=\"canonical\" href=\"https:\/\/elenagarciaprocuradora.com\/index.php\/politica-de-cookies\/\" \/>\n<meta property=\"og:locale\" content=\"es_ES\" \/>\n<meta property=\"og:type\" content=\"article\" \/>\n<meta property=\"og:title\" content=\"pol\u00edtica de cookies\" \/>\n<meta property=\"og:description\" content=\"Informaci\u00f3n sobre el uso de cookies, tipos, finalidad y c\u00f3mo gestionarlas en este sitio web conforme a la normativa vigente.\" \/>\n<meta property=\"og:url\" content=\"https:\/\/elenagarciaprocuradora.com\/index.php\/politica-de-cookies\/\" \/>\n<meta property=\"og:site_name\" content=\"Elena Garcia Alonso\" \/>\n<meta property=\"article:modified_time\" content=\"2026-04-17T07:35:26+00:00\" \/>\n<meta property=\"og:image\" content=\"https:\/\/elenagarciaprocuradora.com\/wp-content\/uploads\/2026\/04\/ChatGPT-Image-17-abr-2026-09_33_58.png\" \/>\n\t<meta property=\"og:image:width\" content=\"1536\" \/>\n\t<meta property=\"og:image:height\" content=\"1024\" \/>\n\t<meta property=\"og:image:type\" content=\"image\/png\" \/>\n<meta name=\"twitter:card\" content=\"summary_large_image\" \/>\n<meta name=\"twitter:label1\" content=\"Tiempo de lectura\" \/>\n\t<meta name=\"twitter:data1\" content=\"2 minutos\" \/>\n<script type=\"application\/ld+json\" class=\"yoast-schema-graph\">{\"@context\":\"https:\\\/\\\/schema.org\",\"@graph\":[{\"@type\":\"WebPage\",\"@id\":\"https:\\\/\\\/elenagarciaprocuradora.com\\\/index.php\\\/politica-de-cookies\\\/\",\"url\":\"https:\\\/\\\/elenagarciaprocuradora.com\\\/index.php\\\/politica-de-cookies\\\/\",\"name\":\"pol\u00edtica de cookies\",\"isPartOf\":{\"@id\":\"https:\\\/\\\/elenagarciaprocuradora.com\\\/#website\"},\"primaryImageOfPage\":{\"@id\":\"https:\\\/\\\/elenagarciaprocuradora.com\\\/index.php\\\/politica-de-cookies\\\/#primaryimage\"},\"image\":{\"@id\":\"https:\\\/\\\/elenagarciaprocuradora.com\\\/index.php\\\/politica-de-cookies\\\/#primaryimage\"},\"thumbnailUrl\":\"https:\\\/\\\/elenagarciaprocuradora.com\\\/wp-content\\\/uploads\\\/2026\\\/04\\\/ChatGPT-Image-17-abr-2026-09_33_58-1024x683.png\",\"datePublished\":\"2026-04-16T15:43:58+00:00\",\"dateModified\":\"2026-04-17T07:35:26+00:00\",\"description\":\"Informaci\u00f3n sobre el uso de cookies, tipos, finalidad y c\u00f3mo gestionarlas en este sitio web conforme a la normativa vigente.\",\"breadcrumb\":{\"@id\":\"https:\\\/\\\/elenagarciaprocuradora.com\\\/index.php\\\/politica-de-cookies\\\/#breadcrumb\"},\"inLanguage\":\"es\",\"potentialAction\":[{\"@type\":\"ReadAction\",\"target\":[\"https:\\\/\\\/elenagarciaprocuradora.com\\\/index.php\\\/politica-de-cookies\\\/\"]}]},{\"@type\":\"ImageObject\",\"inLanguage\":\"es\",\"@id\":\"https:\\\/\\\/elenagarciaprocuradora.com\\\/index.php\\\/politica-de-cookies\\\/#primaryimage\",\"url\":\"https:\\\/\\\/elenagarciaprocuradora.com\\\/wp-content\\\/uploads\\\/2026\\\/04\\\/ChatGPT-Image-17-abr-2026-09_33_58.png\",\"contentUrl\":\"https:\\\/\\\/elenagarciaprocuradora.com\\\/wp-content\\\/uploads\\\/2026\\\/04\\\/ChatGPT-Image-17-abr-2026-09_33_58.png\",\"width\":1536,\"height\":1024},{\"@type\":\"BreadcrumbList\",\"@id\":\"https:\\\/\\\/elenagarciaprocuradora.com\\\/index.php\\\/politica-de-cookies\\\/#breadcrumb\",\"itemListElement\":[{\"@type\":\"ListItem\",\"position\":1,\"name\":\"Portada\",\"item\":\"https:\\\/\\\/elenagarciaprocuradora.com\\\/\"},{\"@type\":\"ListItem\",\"position\":2,\"name\":\"POL\u00cdTICA DE COOKIES\"}]},{\"@type\":\"WebSite\",\"@id\":\"https:\\\/\\\/elenagarciaprocuradora.com\\\/#website\",\"url\":\"https:\\\/\\\/elenagarciaprocuradora.com\\\/\",\"name\":\"Elena Garcia Alonso\",\"description\":\"Procuradora dels tribunals\",\"publisher\":{\"@id\":\"https:\\\/\\\/elenagarciaprocuradora.com\\\/#organization\"},\"potentialAction\":[{\"@type\":\"SearchAction\",\"target\":{\"@type\":\"EntryPoint\",\"urlTemplate\":\"https:\\\/\\\/elenagarciaprocuradora.com\\\/?s={search_term_string}\"},\"query-input\":{\"@type\":\"PropertyValueSpecification\",\"valueRequired\":true,\"valueName\":\"search_term_string\"}}],\"inLanguage\":\"es\"},{\"@type\":\"Organization\",\"@id\":\"https:\\\/\\\/elenagarciaprocuradora.com\\\/#organization\",\"name\":\"Elena Garcia Alonso\",\"url\":\"https:\\\/\\\/elenagarciaprocuradora.com\\\/\",\"logo\":{\"@type\":\"ImageObject\",\"inLanguage\":\"es\",\"@id\":\"https:\\\/\\\/elenagarciaprocuradora.com\\\/#\\\/schema\\\/logo\\\/image\\\/\",\"url\":\"https:\\\/\\\/elenagarciaprocuradora.com\\\/wp-content\\\/uploads\\\/2026\\\/04\\\/74e45ecd-b0f2-49bd-bbb1-cf7cbc90d0b4.png\",\"contentUrl\":\"https:\\\/\\\/elenagarciaprocuradora.com\\\/wp-content\\\/uploads\\\/2026\\\/04\\\/74e45ecd-b0f2-49bd-bbb1-cf7cbc90d0b4.png\",\"width\":500,\"height\":500,\"caption\":\"Elena Garcia Alonso\"},\"image\":{\"@id\":\"https:\\\/\\\/elenagarciaprocuradora.com\\\/#\\\/schema\\\/logo\\\/image\\\/\"}}]}<\/script>\n<!-- \/ Yoast SEO plugin. -->","yoast_head_json":{"title":"pol\u00edtica de cookies","description":"Informaci\u00f3n sobre el uso de cookies, tipos, finalidad y c\u00f3mo gestionarlas en este sitio web conforme a la normativa vigente.","robots":{"index":"index","follow":"follow","max-snippet":"max-snippet:-1","max-image-preview":"max-image-preview:large","max-video-preview":"max-video-preview:-1"},"canonical":"https:\/\/elenagarciaprocuradora.com\/index.php\/politica-de-cookies\/","og_locale":"es_ES","og_type":"article","og_title":"pol\u00edtica de cookies","og_description":"Informaci\u00f3n sobre el uso de cookies, tipos, finalidad y c\u00f3mo gestionarlas en este sitio web conforme a la normativa vigente.","og_url":"https:\/\/elenagarciaprocuradora.com\/index.php\/politica-de-cookies\/","og_site_name":"Elena Garcia Alonso","article_modified_time":"2026-04-17T07:35:26+00:00","og_image":[{"width":1536,"height":1024,"url":"https:\/\/elenagarciaprocuradora.com\/wp-content\/uploads\/2026\/04\/ChatGPT-Image-17-abr-2026-09_33_58.png","type":"image\/png"}],"twitter_card":"summary_large_image","twitter_misc":{"Tiempo de lectura":"2 minutos"},"schema":{"@context":"https:\/\/schema.org","@graph":[{"@type":"WebPage","@id":"https:\/\/elenagarciaprocuradora.com\/index.php\/politica-de-cookies\/","url":"https:\/\/elenagarciaprocuradora.com\/index.php\/politica-de-cookies\/","name":"pol\u00edtica de cookies","isPartOf":{"@id":"https:\/\/elenagarciaprocuradora.com\/#website"},"primaryImageOfPage":{"@id":"https:\/\/elenagarciaprocuradora.com\/index.php\/politica-de-cookies\/#primaryimage"},"image":{"@id":"https:\/\/elenagarciaprocuradora.com\/index.php\/politica-de-cookies\/#primaryimage"},"thumbnailUrl":"https:\/\/elenagarciaprocuradora.com\/wp-content\/uploads\/2026\/04\/ChatGPT-Image-17-abr-2026-09_33_58-1024x683.png","datePublished":"2026-04-16T15:43:58+00:00","dateModified":"2026-04-17T07:35:26+00:00","description":"Informaci\u00f3n sobre el uso de cookies, tipos, finalidad y c\u00f3mo gestionarlas en este sitio web conforme a la normativa vigente.","breadcrumb":{"@id":"https:\/\/elenagarciaprocuradora.com\/index.php\/politica-de-cookies\/#breadcrumb"},"inLanguage":"es","potentialAction":[{"@type":"ReadAction","target":["https:\/\/elenagarciaprocuradora.com\/index.php\/politica-de-cookies\/"]}]},{"@type":"ImageObject","inLanguage":"es","@id":"https:\/\/elenagarciaprocuradora.com\/index.php\/politica-de-cookies\/#primaryimage","url":"https:\/\/elenagarciaprocuradora.com\/wp-content\/uploads\/2026\/04\/ChatGPT-Image-17-abr-2026-09_33_58.png","contentUrl":"https:\/\/elenagarciaprocuradora.com\/wp-content\/uploads\/2026\/04\/ChatGPT-Image-17-abr-2026-09_33_58.png","width":1536,"height":1024},{"@type":"BreadcrumbList","@id":"https:\/\/elenagarciaprocuradora.com\/index.php\/politica-de-cookies\/#breadcrumb","itemListElement":[{"@type":"ListItem","position":1,"name":"Portada","item":"https:\/\/elenagarciaprocuradora.com\/"},{"@type":"ListItem","position":2,"name":"POL\u00cdTICA DE COOKIES"}]},{"@type":"WebSite","@id":"https:\/\/elenagarciaprocuradora.com\/#website","url":"https:\/\/elenagarciaprocuradora.com\/","name":"Elena Garcia Alonso","description":"Procuradora dels tribunals","publisher":{"@id":"https:\/\/elenagarciaprocuradora.com\/#organization"},"potentialAction":[{"@type":"SearchAction","target":{"@type":"EntryPoint","urlTemplate":"https:\/\/elenagarciaprocuradora.com\/?s={search_term_string}"},"query-input":{"@type":"PropertyValueSpecification","valueRequired":true,"valueName":"search_term_string"}}],"inLanguage":"es"},{"@type":"Organization","@id":"https:\/\/elenagarciaprocuradora.com\/#organization","name":"Elena Garcia Alonso","url":"https:\/\/elenagarciaprocuradora.com\/","logo":{"@type":"ImageObject","inLanguage":"es","@id":"https:\/\/elenagarciaprocuradora.com\/#\/schema\/logo\/image\/","url":"https:\/\/elenagarciaprocuradora.com\/wp-content\/uploads\/2026\/04\/74e45ecd-b0f2-49bd-bbb1-cf7cbc90d0b4.png","contentUrl":"https:\/\/elenagarciaprocuradora.com\/wp-content\/uploads\/2026\/04\/74e45ecd-b0f2-49bd-bbb1-cf7cbc90d0b4.png","width":500,"height":500,"caption":"Elena Garcia Alonso"},"image":{"@id":"https:\/\/elenagarciaprocuradora.com\/#\/schema\/logo\/image\/"}}]}},"_links":{"self":[{"href":"https:\/\/elenagarciaprocuradora.com\/index.php\/wp-json\/wp\/v2\/pages\/262","targetHints":{"allow":["GET"]}}],"collection":[{"href":"https:\/\/elenagarciaprocuradora.com\/index.php\/wp-json\/wp\/v2\/pages"}],"about":[{"href":"https:\/\/elenagarciaprocuradora.com\/index.php\/wp-json\/wp\/v2\/types\/page"}],"author":[{"embeddable":true,"href":"https:\/\/elenagarciaprocuradora.com\/index.php\/wp-json\/wp\/v2\/users\/1"}],"replies":[{"embeddable":true,"href":"https:\/\/elenagarciaprocuradora.com\/index.php\/wp-json\/wp\/v2\/comments?post=262"}],"version-history":[{"count":4,"href":"https:\/\/elenagarciaprocuradora.com\/index.php\/wp-json\/wp\/v2\/pages\/262\/revisions"}],"predecessor-version":[{"id":318,"href":"https:\/\/elenagarciaprocuradora.com\/index.php\/wp-json\/wp\/v2\/pages\/262\/revisions\/318"}],"wp:attachment":[{"href":"https:\/\/elenagarciaprocuradora.com\/index.php\/wp-json\/wp\/v2\/media?parent=262"}],"curies":[{"name":"wp","href":"https:\/\/api.w.org\/{rel}","templated":true}]}}