{"id":83,"date":"2026-04-10T08:43:14","date_gmt":"2026-04-10T08:43:14","guid":{"rendered":"https:\/\/elenagarciaprocuradora.com\/?page_id=83"},"modified":"2026-04-22T06:28:14","modified_gmt":"2026-04-22T06:28:14","slug":"contacto","status":"publish","type":"page","link":"https:\/\/elenagarciaprocuradora.com\/index.php\/contacto\/","title":{"rendered":"Contacto"},"content":{"rendered":"\n<div class=\"wp-block-cover alignfull is-light has-custom-content-position is-position-bottom-center\" style=\"margin-top:0;margin-bottom:0;padding-top:var(--wp--preset--spacing--40);padding-right:var(--wp--preset--spacing--40);padding-bottom:var(--wp--preset--spacing--40);padding-left:var(--wp--preset--spacing--40);min-height:840px;aspect-ratio:unset;\"><img loading=\"lazy\" decoding=\"async\" width=\"1536\" height=\"1024\" class=\"wp-block-cover__image-background wp-image-117 size-full\" alt=\"\" src=\"https:\/\/elenagarciaprocuradora.com\/wp-content\/uploads\/2026\/04\/ChatGPT-Image-10-abr-2026-11_44_48.png\" style=\"object-position:50% 14%\" data-object-fit=\"cover\" data-object-position=\"50% 14%\" srcset=\"https:\/\/elenagarciaprocuradora.com\/wp-content\/uploads\/2026\/04\/ChatGPT-Image-10-abr-2026-11_44_48.png 1536w, https:\/\/elenagarciaprocuradora.com\/wp-content\/uploads\/2026\/04\/ChatGPT-Image-10-abr-2026-11_44_48-300x200.png 300w, https:\/\/elenagarciaprocuradora.com\/wp-content\/uploads\/2026\/04\/ChatGPT-Image-10-abr-2026-11_44_48-1024x683.png 1024w, https:\/\/elenagarciaprocuradora.com\/wp-content\/uploads\/2026\/04\/ChatGPT-Image-10-abr-2026-11_44_48-768x512.png 768w\" sizes=\"auto, (max-width: 1536px) 100vw, 1536px\" \/><span aria-hidden=\"true\" class=\"wp-block-cover__background has-background-dim\" style=\"background-color:#f8efe7\"><\/span><div class=\"wp-block-cover__inner-container has-global-padding is-layout-constrained wp-container-core-cover-is-layout-c816cdf9 wp-block-cover-is-layout-constrained\">\n<p class=\"has-medium-font-size\" style=\"padding-top:var(--wp--preset--spacing--30);padding-bottom:var(--wp--preset--spacing--30)\">Para cualquier consulta estoy disponible para atender y gestionar procedimientos. Responder\u00e9 a la mayor brevedad posible.<\/p>\n\n\n\n<div class=\"wp-block-columns alignwide is-layout-flex wp-container-core-columns-is-layout-28f84493 wp-block-columns-is-layout-flex\">\n<div class=\"wp-block-column contact-card is-layout-flow wp-block-column-is-layout-flow\">\n<div class=\"wpcf7 no-js\" id=\"wpcf7-f80-o1\" lang=\"es-ES\" dir=\"ltr\" data-wpcf7-id=\"80\">\n<div class=\"screen-reader-response\"><p role=\"status\" aria-live=\"polite\" aria-atomic=\"true\"><\/p> <ul><\/ul><\/div>\n<form action=\"\/index.php\/wp-json\/wp\/v2\/pages\/83#wpcf7-f80-o1\" method=\"post\" class=\"wpcf7-form init\" aria-label=\"Formulario de contacto\" novalidate=\"novalidate\" data-status=\"init\">\n<fieldset class=\"hidden-fields-container\"><input type=\"hidden\" name=\"_wpcf7\" value=\"80\" \/><input type=\"hidden\" name=\"_wpcf7_version\" value=\"6.1.5\" \/><input type=\"hidden\" name=\"_wpcf7_locale\" value=\"es_ES\" \/><input type=\"hidden\" name=\"_wpcf7_unit_tag\" value=\"wpcf7-f80-o1\" \/><input type=\"hidden\" name=\"_wpcf7_container_post\" value=\"0\" \/><input type=\"hidden\" name=\"_wpcf7_posted_data_hash\" value=\"\" \/>\n<\/fieldset>\n<p><label> Tu nombre<br \/>\n<span class=\"wpcf7-form-control-wrap\" data-name=\"your-name\"><input size=\"40\" maxlength=\"400\" class=\"wpcf7-form-control wpcf7-text wpcf7-validates-as-required\" autocomplete=\"name\" aria-required=\"true\" aria-invalid=\"false\" value=\"\" type=\"text\" name=\"your-name\" \/><\/span> <\/label>\n<\/p>\n<p><label> Tu correo electr\u00f3nico<br \/>\n<span class=\"wpcf7-form-control-wrap\" data-name=\"your-email\"><input size=\"40\" maxlength=\"400\" class=\"wpcf7-form-control wpcf7-email wpcf7-validates-as-required wpcf7-text wpcf7-validates-as-email\" autocomplete=\"email\" aria-required=\"true\" aria-invalid=\"false\" value=\"\" type=\"email\" name=\"your-email\" \/><\/span> <\/label>\n<\/p>\n<p><label> Asunto<br \/>\n<span class=\"wpcf7-form-control-wrap\" data-name=\"your-subject\"><input size=\"40\" maxlength=\"400\" class=\"wpcf7-form-control wpcf7-text wpcf7-validates-as-required\" aria-required=\"true\" aria-invalid=\"false\" value=\"\" type=\"text\" name=\"your-subject\" \/><\/span> <\/label>\n<\/p>\n<p><label> Tu mensaje (opcional) <span class=\"wpcf7-form-control-wrap\" data-name=\"your-message\"><textarea cols=\"40\" rows=\"10\" maxlength=\"2000\" class=\"wpcf7-form-control wpcf7-textarea\" aria-invalid=\"false\" name=\"your-message\"><\/textarea><\/span> <\/label>\n<\/p>\n<p><input class=\"wpcf7-form-control wpcf7-submit has-spinner\" type=\"submit\" value=\"Enviar\" \/>\n<\/p><div class=\"wpcf7-response-output\" aria-hidden=\"true\"><\/div>\n<\/form>\n<\/div>\n\n<\/div>\n\n\n\n<div class=\"wp-block-column is-layout-flow wp-block-column-is-layout-flow\" style=\"flex-basis:2%\"><\/div>\n\n\n\n<div class=\"wp-block-column contact-card is-layout-flow wp-block-column-is-layout-flow\">\n<div class=\"wp-block-group has-global-padding is-layout-constrained wp-block-group-is-layout-constrained\">\n<hr class=\"wp-block-separator has-alpha-channel-opacity is-style-default\" style=\"margin-top:var(--wp--preset--spacing--50);margin-bottom:var(--wp--preset--spacing--50)\"\/>\n<\/div>\n\n\n\n<p class=\"has-medium-font-size\">Tambi\u00e9n puedes  directamente:<\/p>\n\n\n\n<p class=\"has-small-font-size\"><a href=\"https:\/\/elenagarciaprocuradora.com\/index.php\/sobre-mi\/\">Sobre m\u00ed<\/a><\/p>\n\n\n\n<p class=\"has-small-font-size\">Elena Garcia Alonso<br><a href=\"tel:34689893289\">+34 689 89 32 89<\/a><br><a href=\"mailto:info@elenagarciaprocuradora.com\">info@elenagarciaprocuradora.com<\/a><br>C\/ MORERIA, 4 17600 &#8211; FIGUERES<br>GERONA<\/p>\n\n\n\n<p class=\"has-small-font-size\"><a href=\"https:\/\/directorio.cgpe.es\/DetColegiado.aspx?Id=39239&amp;UIHJ=N\">ICPG<\/a><\/p>\n\n\n<p><iframe src=\"https:\/\/www.google.com\/maps\/embed?pb=!1m18!1m12!1m3!1d2952.538511115422!2d2.9624281999999997!3d42.2670268!2m3!1f0!2f0!3f0!3m2!1i1024!2i768!4f13.1!3m3!1m2!1s0x12ba8dc35518e5f9%3A0x352b3bb2cae69ecb!2sCarrer%20de%20la%20Moreria%2C%204%2C%2017600%20Figueres%2C%20Girona!5e0!3m2!1ses!2ses!4v1776838914714!5m2!1ses!2ses\" width=\"600\" height=\"450\" style=\"border:0;\" allowfullscreen=\"\" loading=\"lazy\" referrerpolicy=\"no-referrer-when-downgrade\"><\/iframe><\/p>\n\n\n\n<ul class=\"wp-block-social-links is-content-justification-left is-layout-flex wp-container-core-social-links-is-layout-fc4fd283 wp-block-social-links-is-layout-flex\"><li class=\"wp-social-link wp-social-link-linkedin  wp-block-social-link\"><a rel=\"noopener nofollow\" target=\"_blank\" href=\"https:\/\/es.linkedin.com\/in\/elena-garcia-alonso-9a70431bb\" class=\"wp-block-social-link-anchor\"><svg width=\"24\" height=\"24\" viewBox=\"0 0 24 24\" version=\"1.1\" xmlns=\"http:\/\/www.w3.org\/2000\/svg\" aria-hidden=\"true\" focusable=\"false\"><path d=\"M19.7,3H4.3C3.582,3,3,3.582,3,4.3v15.4C3,20.418,3.582,21,4.3,21h15.4c0.718,0,1.3-0.582,1.3-1.3V4.3 C21,3.582,20.418,3,19.7,3z M8.339,18.338H5.667v-8.59h2.672V18.338z M7.004,8.574c-0.857,0-1.549-0.694-1.549-1.548 c0-0.855,0.691-1.548,1.549-1.548c0.854,0,1.547,0.694,1.547,1.548C8.551,7.881,7.858,8.574,7.004,8.574z M18.339,18.338h-2.669 v-4.177c0-0.996-0.017-2.278-1.387-2.278c-1.389,0-1.601,1.086-1.601,2.206v4.249h-2.667v-8.59h2.559v1.174h0.037 c0.356-0.675,1.227-1.387,2.526-1.387c2.703,0,3.203,1.779,3.203,4.092V18.338z\"><\/path><\/svg><span class=\"wp-block-social-link-label screen-reader-text\">LinkedIn<\/span><\/a><\/li><\/ul>\n<\/div>\n<\/div>\n<\/div><\/div>\n\n\n\n<p><\/p>\n","protected":false},"excerpt":{"rendered":"","protected":false},"author":1,"featured_media":0,"parent":0,"menu_order":0,"comment_status":"closed","ping_status":"closed","template":"page-no-title","meta":{"footnotes":""},"class_list":["post-83","page","type-page","status-publish","hentry"],"yoast_head":"<!-- This site is optimized with the Yoast SEO plugin v27.3 - https:\/\/yoast.com\/product\/yoast-seo-wordpress\/ -->\n<title>consulta<\/title>\n<meta name=\"description\" content=\"consulta con procuradora en Girona, Barcelona y Madrid. Respuesta r\u00e1pida, atenci\u00f3n personalizada y gesti\u00f3n eficaz de tu procedimiento.\" \/>\n<meta name=\"robots\" content=\"index, follow, max-snippet:-1, max-image-preview:large, max-video-preview:-1\" \/>\n<link rel=\"canonical\" href=\"https:\/\/elenagarciaprocuradora.com\/index.php\/contacto\/\" \/>\n<meta property=\"og:locale\" content=\"es_ES\" \/>\n<meta property=\"og:type\" content=\"article\" \/>\n<meta property=\"og:title\" content=\"consulta\" \/>\n<meta property=\"og:description\" content=\"consulta con procuradora en Girona, Barcelona y Madrid. Respuesta r\u00e1pida, atenci\u00f3n personalizada y gesti\u00f3n eficaz de tu procedimiento.\" \/>\n<meta property=\"og:url\" content=\"https:\/\/elenagarciaprocuradora.com\/index.php\/contacto\/\" \/>\n<meta property=\"og:site_name\" content=\"Elena Garcia Alonso\" \/>\n<meta property=\"article:modified_time\" content=\"2026-04-22T06:28:14+00:00\" \/>\n<meta property=\"og:image\" content=\"https:\/\/elenagarciaprocuradora.com\/wp-content\/uploads\/2026\/04\/ChatGPT-Image-10-abr-2026-11_44_48.png\" \/>\n\t<meta property=\"og:image:width\" content=\"1536\" \/>\n\t<meta property=\"og:image:height\" content=\"1024\" \/>\n\t<meta property=\"og:image:type\" content=\"image\/png\" \/>\n<meta name=\"twitter:card\" content=\"summary_large_image\" \/>\n<meta name=\"twitter:label1\" content=\"Tiempo de lectura\" \/>\n\t<meta name=\"twitter:data1\" content=\"1 minuto\" \/>\n<script type=\"application\/ld+json\" class=\"yoast-schema-graph\">{\"@context\":\"https:\\\/\\\/schema.org\",\"@graph\":[{\"@type\":\"WebPage\",\"@id\":\"https:\\\/\\\/elenagarciaprocuradora.com\\\/index.php\\\/contacto\\\/\",\"url\":\"https:\\\/\\\/elenagarciaprocuradora.com\\\/index.php\\\/contacto\\\/\",\"name\":\"consulta\",\"isPartOf\":{\"@id\":\"https:\\\/\\\/elenagarciaprocuradora.com\\\/#website\"},\"primaryImageOfPage\":{\"@id\":\"https:\\\/\\\/elenagarciaprocuradora.com\\\/index.php\\\/contacto\\\/#primaryimage\"},\"image\":{\"@id\":\"https:\\\/\\\/elenagarciaprocuradora.com\\\/index.php\\\/contacto\\\/#primaryimage\"},\"thumbnailUrl\":\"https:\\\/\\\/elenagarciaprocuradora.com\\\/wp-content\\\/uploads\\\/2026\\\/04\\\/ChatGPT-Image-10-abr-2026-11_44_48.png\",\"datePublished\":\"2026-04-10T08:43:14+00:00\",\"dateModified\":\"2026-04-22T06:28:14+00:00\",\"description\":\"consulta con procuradora en Girona, Barcelona y Madrid. Respuesta r\u00e1pida, atenci\u00f3n personalizada y gesti\u00f3n eficaz de tu procedimiento.\",\"breadcrumb\":{\"@id\":\"https:\\\/\\\/elenagarciaprocuradora.com\\\/index.php\\\/contacto\\\/#breadcrumb\"},\"inLanguage\":\"es\",\"potentialAction\":[{\"@type\":\"ReadAction\",\"target\":[\"https:\\\/\\\/elenagarciaprocuradora.com\\\/index.php\\\/contacto\\\/\"]}]},{\"@type\":\"ImageObject\",\"inLanguage\":\"es\",\"@id\":\"https:\\\/\\\/elenagarciaprocuradora.com\\\/index.php\\\/contacto\\\/#primaryimage\",\"url\":\"https:\\\/\\\/elenagarciaprocuradora.com\\\/wp-content\\\/uploads\\\/2026\\\/04\\\/ChatGPT-Image-10-abr-2026-11_44_48.png\",\"contentUrl\":\"https:\\\/\\\/elenagarciaprocuradora.com\\\/wp-content\\\/uploads\\\/2026\\\/04\\\/ChatGPT-Image-10-abr-2026-11_44_48.png\",\"width\":1536,\"height\":1024},{\"@type\":\"BreadcrumbList\",\"@id\":\"https:\\\/\\\/elenagarciaprocuradora.com\\\/index.php\\\/contacto\\\/#breadcrumb\",\"itemListElement\":[{\"@type\":\"ListItem\",\"position\":1,\"name\":\"Portada\",\"item\":\"https:\\\/\\\/elenagarciaprocuradora.com\\\/\"},{\"@type\":\"ListItem\",\"position\":2,\"name\":\"Contacto\"}]},{\"@type\":\"WebSite\",\"@id\":\"https:\\\/\\\/elenagarciaprocuradora.com\\\/#website\",\"url\":\"https:\\\/\\\/elenagarciaprocuradora.com\\\/\",\"name\":\"Elena Garcia Alonso\",\"description\":\"Procuradora dels tribunals\",\"publisher\":{\"@id\":\"https:\\\/\\\/elenagarciaprocuradora.com\\\/#organization\"},\"potentialAction\":[{\"@type\":\"SearchAction\",\"target\":{\"@type\":\"EntryPoint\",\"urlTemplate\":\"https:\\\/\\\/elenagarciaprocuradora.com\\\/?s={search_term_string}\"},\"query-input\":{\"@type\":\"PropertyValueSpecification\",\"valueRequired\":true,\"valueName\":\"search_term_string\"}}],\"inLanguage\":\"es\"},{\"@type\":\"Organization\",\"@id\":\"https:\\\/\\\/elenagarciaprocuradora.com\\\/#organization\",\"name\":\"Elena Garcia Alonso\",\"url\":\"https:\\\/\\\/elenagarciaprocuradora.com\\\/\",\"logo\":{\"@type\":\"ImageObject\",\"inLanguage\":\"es\",\"@id\":\"https:\\\/\\\/elenagarciaprocuradora.com\\\/#\\\/schema\\\/logo\\\/image\\\/\",\"url\":\"https:\\\/\\\/elenagarciaprocuradora.com\\\/wp-content\\\/uploads\\\/2026\\\/04\\\/74e45ecd-b0f2-49bd-bbb1-cf7cbc90d0b4.png\",\"contentUrl\":\"https:\\\/\\\/elenagarciaprocuradora.com\\\/wp-content\\\/uploads\\\/2026\\\/04\\\/74e45ecd-b0f2-49bd-bbb1-cf7cbc90d0b4.png\",\"width\":500,\"height\":500,\"caption\":\"Elena Garcia Alonso\"},\"image\":{\"@id\":\"https:\\\/\\\/elenagarciaprocuradora.com\\\/#\\\/schema\\\/logo\\\/image\\\/\"}}]}<\/script>\n<!-- \/ Yoast SEO plugin. -->","yoast_head_json":{"title":"consulta","description":"consulta con procuradora en Girona, Barcelona y Madrid. Respuesta r\u00e1pida, atenci\u00f3n personalizada y gesti\u00f3n eficaz de tu procedimiento.","robots":{"index":"index","follow":"follow","max-snippet":"max-snippet:-1","max-image-preview":"max-image-preview:large","max-video-preview":"max-video-preview:-1"},"canonical":"https:\/\/elenagarciaprocuradora.com\/index.php\/contacto\/","og_locale":"es_ES","og_type":"article","og_title":"consulta","og_description":"consulta con procuradora en Girona, Barcelona y Madrid. Respuesta r\u00e1pida, atenci\u00f3n personalizada y gesti\u00f3n eficaz de tu procedimiento.","og_url":"https:\/\/elenagarciaprocuradora.com\/index.php\/contacto\/","og_site_name":"Elena Garcia Alonso","article_modified_time":"2026-04-22T06:28:14+00:00","og_image":[{"width":1536,"height":1024,"url":"https:\/\/elenagarciaprocuradora.com\/wp-content\/uploads\/2026\/04\/ChatGPT-Image-10-abr-2026-11_44_48.png","type":"image\/png"}],"twitter_card":"summary_large_image","twitter_misc":{"Tiempo de lectura":"1 minuto"},"schema":{"@context":"https:\/\/schema.org","@graph":[{"@type":"WebPage","@id":"https:\/\/elenagarciaprocuradora.com\/index.php\/contacto\/","url":"https:\/\/elenagarciaprocuradora.com\/index.php\/contacto\/","name":"consulta","isPartOf":{"@id":"https:\/\/elenagarciaprocuradora.com\/#website"},"primaryImageOfPage":{"@id":"https:\/\/elenagarciaprocuradora.com\/index.php\/contacto\/#primaryimage"},"image":{"@id":"https:\/\/elenagarciaprocuradora.com\/index.php\/contacto\/#primaryimage"},"thumbnailUrl":"https:\/\/elenagarciaprocuradora.com\/wp-content\/uploads\/2026\/04\/ChatGPT-Image-10-abr-2026-11_44_48.png","datePublished":"2026-04-10T08:43:14+00:00","dateModified":"2026-04-22T06:28:14+00:00","description":"consulta con procuradora en Girona, Barcelona y Madrid. Respuesta r\u00e1pida, atenci\u00f3n personalizada y gesti\u00f3n eficaz de tu procedimiento.","breadcrumb":{"@id":"https:\/\/elenagarciaprocuradora.com\/index.php\/contacto\/#breadcrumb"},"inLanguage":"es","potentialAction":[{"@type":"ReadAction","target":["https:\/\/elenagarciaprocuradora.com\/index.php\/contacto\/"]}]},{"@type":"ImageObject","inLanguage":"es","@id":"https:\/\/elenagarciaprocuradora.com\/index.php\/contacto\/#primaryimage","url":"https:\/\/elenagarciaprocuradora.com\/wp-content\/uploads\/2026\/04\/ChatGPT-Image-10-abr-2026-11_44_48.png","contentUrl":"https:\/\/elenagarciaprocuradora.com\/wp-content\/uploads\/2026\/04\/ChatGPT-Image-10-abr-2026-11_44_48.png","width":1536,"height":1024},{"@type":"BreadcrumbList","@id":"https:\/\/elenagarciaprocuradora.com\/index.php\/contacto\/#breadcrumb","itemListElement":[{"@type":"ListItem","position":1,"name":"Portada","item":"https:\/\/elenagarciaprocuradora.com\/"},{"@type":"ListItem","position":2,"name":"Contacto"}]},{"@type":"WebSite","@id":"https:\/\/elenagarciaprocuradora.com\/#website","url":"https:\/\/elenagarciaprocuradora.com\/","name":"Elena Garcia Alonso","description":"Procuradora dels tribunals","publisher":{"@id":"https:\/\/elenagarciaprocuradora.com\/#organization"},"potentialAction":[{"@type":"SearchAction","target":{"@type":"EntryPoint","urlTemplate":"https:\/\/elenagarciaprocuradora.com\/?s={search_term_string}"},"query-input":{"@type":"PropertyValueSpecification","valueRequired":true,"valueName":"search_term_string"}}],"inLanguage":"es"},{"@type":"Organization","@id":"https:\/\/elenagarciaprocuradora.com\/#organization","name":"Elena Garcia Alonso","url":"https:\/\/elenagarciaprocuradora.com\/","logo":{"@type":"ImageObject","inLanguage":"es","@id":"https:\/\/elenagarciaprocuradora.com\/#\/schema\/logo\/image\/","url":"https:\/\/elenagarciaprocuradora.com\/wp-content\/uploads\/2026\/04\/74e45ecd-b0f2-49bd-bbb1-cf7cbc90d0b4.png","contentUrl":"https:\/\/elenagarciaprocuradora.com\/wp-content\/uploads\/2026\/04\/74e45ecd-b0f2-49bd-bbb1-cf7cbc90d0b4.png","width":500,"height":500,"caption":"Elena Garcia Alonso"},"image":{"@id":"https:\/\/elenagarciaprocuradora.com\/#\/schema\/logo\/image\/"}}]}},"_links":{"self":[{"href":"https:\/\/elenagarciaprocuradora.com\/index.php\/wp-json\/wp\/v2\/pages\/83","targetHints":{"allow":["GET"]}}],"collection":[{"href":"https:\/\/elenagarciaprocuradora.com\/index.php\/wp-json\/wp\/v2\/pages"}],"about":[{"href":"https:\/\/elenagarciaprocuradora.com\/index.php\/wp-json\/wp\/v2\/types\/page"}],"author":[{"embeddable":true,"href":"https:\/\/elenagarciaprocuradora.com\/index.php\/wp-json\/wp\/v2\/users\/1"}],"replies":[{"embeddable":true,"href":"https:\/\/elenagarciaprocuradora.com\/index.php\/wp-json\/wp\/v2\/comments?post=83"}],"version-history":[{"count":41,"href":"https:\/\/elenagarciaprocuradora.com\/index.php\/wp-json\/wp\/v2\/pages\/83\/revisions"}],"predecessor-version":[{"id":369,"href":"https:\/\/elenagarciaprocuradora.com\/index.php\/wp-json\/wp\/v2\/pages\/83\/revisions\/369"}],"wp:attachment":[{"href":"https:\/\/elenagarciaprocuradora.com\/index.php\/wp-json\/wp\/v2\/media?parent=83"}],"curies":[{"name":"wp","href":"https:\/\/api.w.org\/{rel}","templated":true}]}}